{"id":2054,"date":"2017-04-20T21:40:04","date_gmt":"2017-04-20T20:40:04","guid":{"rendered":"https:\/\/www.medoc-bordeaux.com\/?page_id=2054\/"},"modified":"2021-09-10T09:48:39","modified_gmt":"2021-09-10T08:48:39","slug":"contact","status":"publish","type":"page","link":"https:\/\/www.medoc-bordeaux.com\/en\/contact\/","title":{"rendered":"Contact"},"content":{"rendered":"<h2>Conseil des vins du M\u00e9doc<\/h2>\n<p>The size of the vine-growing area and the large number of trade organisations have induced the people in the M\u00e9doc to create an official, working body which represents and acts as spokesman for all the wine-producers. This structure has taken the form of an association which plays an essential part in the promotion of M\u00e9doc wines both at home and abroad.<\/p>\n<h2>Formed<\/h2>\n<p>Formerly, from 1969 to 1987 : GIE des Vins du M\u00e9doc<\/p>\n<p>Since 1987 : CONSEIL DES VINS DU MEDOC (Association loi 1901)<\/p>\n<p>Composed of AOC syndicates (ODG)<\/p>\n<p><strong>* ODG\u00a0of AOC M\u00e9doc\/Haut-M\u00e9doc\/Listrac-M\u00e9doc<\/strong><br \/>\n18, quai Jean Fleuret<br \/>\n33250 Pauillac<\/p>\n<p><strong>* ODG of AOC Moulis<\/strong><br \/>\nMaison du Vin de Moulis<br \/>\nPlace du Grand Poujeaux<br \/>\n33480 Moulis en M\u00e9doc<\/p>\n<p><strong>* ODG of AOC Saint-Julien<\/strong><br \/>\nMairie de St-Julien Beychevelle<br \/>\n33250 Saint-Julien Beychevelle<\/p>\n<p><strong>* ODG of AOC St-Est\u00e8phe<\/strong><br \/>\nMaison du Vin de St-Est\u00e8phe 33180<br \/>\nSaint-Est\u00e8phe<\/p>\n<p><strong>* ODG of AOC Margaux<\/strong><br \/>\nMaison du Vin de Margaux Place de la Tr\u00e9moille<br \/>\n33460 Margaux<\/p>\n<p><strong>* ODG of AOC Pauillac<\/strong><br \/>\nMaison du Vin de Saint-Est\u00e8phe<br \/>\n33180 Saint-Est\u00e8phe<\/p>\n<p>Conseil des Crus Class\u00e9s du M\u00e9doc<br \/>\nSyndicat des Crus Bourgeois du M\u00e9doc<br \/>\nSyndicat des Crus Artisans du M\u00e9doc<br \/>\nF\u00e9d\u00e9ration des Caves Coop\u00e9ratives du M\u00e9doc<br \/>\nF\u00e9d\u00e9ration des Syndicats des N\u00e9gociants en Vins et Spiritueux de Bordeaux et de la Gironde<br \/>\nCommanderie du Bontemps de M\u00e9doc et des Graves.<br \/>\n6 Organismes De Gestion d&#8217;AOC de la r\u00e9gion M\u00e9doc<\/p>\n<p>&nbsp;<\/p>\n<h2>Aims<\/h2>\n<ul>\n<li>To extend the action of the individual wine-producers&#8217; organisations and of the professional wine bodies and to encourage dialogue to find a joint agreement for trade policies<\/li>\n<li>To promote the wines of the M\u00e9doc collectively bearing in mind the original nature of each component.<\/li>\n<\/ul>\n<h2>Activities<\/h2>\n<ul>\n<li>Organising and coordinating\u00a0 promotional and public relations campaigns in France and rest of the word<\/li>\n<li>Publishing and distributing promotional material for the trade<\/li>\n<li>Researching and compiling statistical and commercial information<\/li>\n<li>Training in catering and sommelier schools<\/li>\n<li>Promotion events of the wines of the M\u00e9doc region<\/li>\n<li>Press and public relationships<\/li>\n<\/ul>\n<p><strong>Conseil des Vins du M\u00e9doc<\/strong><br \/>\n1, cours du XXX juillet &#8211; 33000 Bordeaux<br \/>\nT\u00e9l. 33 (0)5.56.48.18.62 &#8211; Fax 33 (0)5.56.79.11.05<\/p>\n","protected":false},"excerpt":{"rendered":"<p>Conseil des vins du M\u00e9doc The size of the vine-growing area and the large number of trade organisations have induced the people in the M\u00e9doc to create an official, working body which represents and acts as spokesman for all the wine-producers. This structure has taken the form of an association which plays an essential part [&hellip;]<\/p>\n","protected":false},"author":1,"featured_media":0,"parent":0,"menu_order":9,"comment_status":"closed","ping_status":"closed","template":"contact.php","meta":{"om_disable_all_campaigns":false,"_monsterinsights_skip_tracking":false,"_monsterinsights_sitenote_active":false,"_monsterinsights_sitenote_note":"","_monsterinsights_sitenote_category":0,"_uf_show_specific_survey":0,"_uf_disable_surveys":false,"footnotes":""},"aioseo_notices":[],"yoast_head":"<!-- This site is optimized with the Yoast SEO plugin v22.1 - https:\/\/yoast.com\/wordpress\/plugins\/seo\/ -->\n<title>Contact | Conseil des Vins du M\u00e9doc<\/title>\n<meta name=\"robots\" content=\"index, follow, max-snippet:-1, max-image-preview:large, max-video-preview:-1\" \/>\n<link rel=\"canonical\" href=\"https:\/\/www.medoc-bordeaux.com\/en\/contact\/\" \/>\n<meta property=\"og:locale\" content=\"en_US\" \/>\n<meta property=\"og:type\" content=\"article\" \/>\n<meta property=\"og:title\" content=\"Contact | Conseil des Vins du M\u00e9doc\" \/>\n<meta property=\"og:description\" content=\"Conseil des vins du M\u00e9doc The size of the vine-growing area and the large number of trade organisations have induced the people in the M\u00e9doc to create an official, working body which represents and acts as spokesman for all the wine-producers. This structure has taken the form of an association which plays an essential part [&hellip;]\" \/>\n<meta property=\"og:url\" content=\"https:\/\/www.medoc-bordeaux.com\/en\/contact\/\" \/>\n<meta property=\"og:site_name\" content=\"Conseil des Vins du M\u00e9doc\" \/>\n<meta property=\"article:modified_time\" content=\"2021-09-10T08:48:39+00:00\" \/>\n<meta name=\"twitter:card\" content=\"summary_large_image\" \/>\n<meta name=\"twitter:label1\" content=\"Est. reading time\" \/>\n\t<meta name=\"twitter:data1\" content=\"2 minutes\" \/>\n<script type=\"application\/ld+json\" class=\"yoast-schema-graph\">{\"@context\":\"https:\/\/schema.org\",\"@graph\":[{\"@type\":\"WebPage\",\"@id\":\"https:\/\/www.medoc-bordeaux.com\/en\/contact\/\",\"url\":\"https:\/\/www.medoc-bordeaux.com\/en\/contact\/\",\"name\":\"Contact | Conseil des Vins du M\u00e9doc\",\"isPartOf\":{\"@id\":\"https:\/\/www.medoc-bordeaux.com\/#website\"},\"datePublished\":\"2017-04-20T20:40:04+00:00\",\"dateModified\":\"2021-09-10T08:48:39+00:00\",\"breadcrumb\":{\"@id\":\"https:\/\/www.medoc-bordeaux.com\/en\/contact\/#breadcrumb\"},\"inLanguage\":\"en-US\",\"potentialAction\":[{\"@type\":\"ReadAction\",\"target\":[\"https:\/\/www.medoc-bordeaux.com\/en\/contact\/\"]}]},{\"@type\":\"BreadcrumbList\",\"@id\":\"https:\/\/www.medoc-bordeaux.com\/en\/contact\/#breadcrumb\",\"itemListElement\":[{\"@type\":\"ListItem\",\"position\":1,\"name\":\"Accueil\",\"item\":\"https:\/\/www.medoc-bordeaux.com\/en\/\"},{\"@type\":\"ListItem\",\"position\":2,\"name\":\"Contact\"}]},{\"@type\":\"WebSite\",\"@id\":\"https:\/\/www.medoc-bordeaux.com\/#website\",\"url\":\"https:\/\/www.medoc-bordeaux.com\/\",\"name\":\"Conseil des Vins du M\u00e9doc\",\"description\":\"\",\"potentialAction\":[{\"@type\":\"SearchAction\",\"target\":{\"@type\":\"EntryPoint\",\"urlTemplate\":\"https:\/\/www.medoc-bordeaux.com\/?s={search_term_string}\"},\"query-input\":\"required name=search_term_string\"}],\"inLanguage\":\"en-US\"}]}<\/script>\n<!-- \/ Yoast SEO plugin. -->","yoast_head_json":{"title":"Contact | Conseil des Vins du M\u00e9doc","robots":{"index":"index","follow":"follow","max-snippet":"max-snippet:-1","max-image-preview":"max-image-preview:large","max-video-preview":"max-video-preview:-1"},"canonical":"https:\/\/www.medoc-bordeaux.com\/en\/contact\/","og_locale":"en_US","og_type":"article","og_title":"Contact | Conseil des Vins du M\u00e9doc","og_description":"Conseil des vins du M\u00e9doc The size of the vine-growing area and the large number of trade organisations have induced the people in the M\u00e9doc to create an official, working body which represents and acts as spokesman for all the wine-producers. This structure has taken the form of an association which plays an essential part [&hellip;]","og_url":"https:\/\/www.medoc-bordeaux.com\/en\/contact\/","og_site_name":"Conseil des Vins du M\u00e9doc","article_modified_time":"2021-09-10T08:48:39+00:00","twitter_card":"summary_large_image","twitter_misc":{"Est. reading time":"2 minutes"},"schema":{"@context":"https:\/\/schema.org","@graph":[{"@type":"WebPage","@id":"https:\/\/www.medoc-bordeaux.com\/en\/contact\/","url":"https:\/\/www.medoc-bordeaux.com\/en\/contact\/","name":"Contact | Conseil des Vins du M\u00e9doc","isPartOf":{"@id":"https:\/\/www.medoc-bordeaux.com\/#website"},"datePublished":"2017-04-20T20:40:04+00:00","dateModified":"2021-09-10T08:48:39+00:00","breadcrumb":{"@id":"https:\/\/www.medoc-bordeaux.com\/en\/contact\/#breadcrumb"},"inLanguage":"en-US","potentialAction":[{"@type":"ReadAction","target":["https:\/\/www.medoc-bordeaux.com\/en\/contact\/"]}]},{"@type":"BreadcrumbList","@id":"https:\/\/www.medoc-bordeaux.com\/en\/contact\/#breadcrumb","itemListElement":[{"@type":"ListItem","position":1,"name":"Accueil","item":"https:\/\/www.medoc-bordeaux.com\/en\/"},{"@type":"ListItem","position":2,"name":"Contact"}]},{"@type":"WebSite","@id":"https:\/\/www.medoc-bordeaux.com\/#website","url":"https:\/\/www.medoc-bordeaux.com\/","name":"Conseil des Vins du M\u00e9doc","description":"","potentialAction":[{"@type":"SearchAction","target":{"@type":"EntryPoint","urlTemplate":"https:\/\/www.medoc-bordeaux.com\/?s={search_term_string}"},"query-input":"required name=search_term_string"}],"inLanguage":"en-US"}]}},"_links":{"self":[{"href":"https:\/\/www.medoc-bordeaux.com\/en\/wp-json\/wp\/v2\/pages\/2054"}],"collection":[{"href":"https:\/\/www.medoc-bordeaux.com\/en\/wp-json\/wp\/v2\/pages"}],"about":[{"href":"https:\/\/www.medoc-bordeaux.com\/en\/wp-json\/wp\/v2\/types\/page"}],"author":[{"embeddable":true,"href":"https:\/\/www.medoc-bordeaux.com\/en\/wp-json\/wp\/v2\/users\/1"}],"replies":[{"embeddable":true,"href":"https:\/\/www.medoc-bordeaux.com\/en\/wp-json\/wp\/v2\/comments?post=2054"}],"version-history":[{"count":6,"href":"https:\/\/www.medoc-bordeaux.com\/en\/wp-json\/wp\/v2\/pages\/2054\/revisions"}],"predecessor-version":[{"id":7395,"href":"https:\/\/www.medoc-bordeaux.com\/en\/wp-json\/wp\/v2\/pages\/2054\/revisions\/7395"}],"wp:attachment":[{"href":"https:\/\/www.medoc-bordeaux.com\/en\/wp-json\/wp\/v2\/media?parent=2054"}],"curies":[{"name":"wp","href":"https:\/\/api.w.org\/{rel}","templated":true}]}}